{"id":28,"date":"2014-10-25T18:48:01","date_gmt":"2014-10-25T17:48:01","guid":{"rendered":"http:\/\/cycloide.ch\/?page_id=28"},"modified":"2015-02-09T20:51:19","modified_gmt":"2015-02-09T19:51:19","slug":"systeme-sanguin","status":"publish","type":"page","link":"https:\/\/cycloide.ch\/?page_id=28","title":{"rendered":"Syst\u00e8me sanguin"},"content":{"rendered":"<p>Cette pr\u00e9sentation est destin\u00e9e aux \u00e9l\u00e8ves de 11MO<br \/>\n<a title=\"Pr\u00e9sentation\" href=\"http:\/\/cycloide.ch\/sanguin\/presentation.svg\" target=\"_blank\">Pr\u00e9sentation<\/a><\/p>\n<p>&nbsp;<\/p>\n<p><a href=\"http:\/\/cycloide.ch\/wp-content\/uploads\/2015\/02\/comparaison.jpg\"><img loading=\"lazy\" decoding=\"async\" class=\"alignnone  wp-image-57\" src=\"http:\/\/cycloide.ch\/wp-content\/uploads\/2015\/02\/comparaison-300x194.jpg\" alt=\"comparaison\" width=\"670\" height=\"433\" srcset=\"https:\/\/cycloide.ch\/wp-content\/uploads\/2015\/02\/comparaison-300x194.jpg 300w, https:\/\/cycloide.ch\/wp-content\/uploads\/2015\/02\/comparaison-624x403.jpg 624w, https:\/\/cycloide.ch\/wp-content\/uploads\/2015\/02\/comparaison.jpg 789w\" sizes=\"auto, (max-width: 670px) 100vw, 670px\" \/><\/a><\/p>\n<p>Evaluation formative<\/p>\n<p>Objectifs<\/p>\n<p>&nbsp;<\/p>\n","protected":false},"excerpt":{"rendered":"<p>Cette pr\u00e9sentation est destin\u00e9e aux \u00e9l\u00e8ves de 11MO Pr\u00e9sentation &nbsp; Evaluation formative Objectifs &nbsp;<\/p>\n","protected":false},"author":1,"featured_media":0,"parent":0,"menu_order":0,"comment_status":"closed","ping_status":"open","template":"","meta":{"footnotes":""},"class_list":["post-28","page","type-page","status-publish","hentry"],"_links":{"self":[{"href":"https:\/\/cycloide.ch\/index.php?rest_route=\/wp\/v2\/pages\/28","targetHints":{"allow":["GET"]}}],"collection":[{"href":"https:\/\/cycloide.ch\/index.php?rest_route=\/wp\/v2\/pages"}],"about":[{"href":"https:\/\/cycloide.ch\/index.php?rest_route=\/wp\/v2\/types\/page"}],"author":[{"embeddable":true,"href":"https:\/\/cycloide.ch\/index.php?rest_route=\/wp\/v2\/users\/1"}],"replies":[{"embeddable":true,"href":"https:\/\/cycloide.ch\/index.php?rest_route=%2Fwp%2Fv2%2Fcomments&post=28"}],"version-history":[{"count":6,"href":"https:\/\/cycloide.ch\/index.php?rest_route=\/wp\/v2\/pages\/28\/revisions"}],"predecessor-version":[{"id":58,"href":"https:\/\/cycloide.ch\/index.php?rest_route=\/wp\/v2\/pages\/28\/revisions\/58"}],"wp:attachment":[{"href":"https:\/\/cycloide.ch\/index.php?rest_route=%2Fwp%2Fv2%2Fmedia&parent=28"}],"curies":[{"name":"wp","href":"https:\/\/api.w.org\/{rel}","templated":true}]}}