{"id":62,"date":"2015-05-05T14:09:21","date_gmt":"2015-05-05T13:09:21","guid":{"rendered":"http:\/\/cycloide.ch\/?page_id=62"},"modified":"2015-05-05T14:10:14","modified_gmt":"2015-05-05T13:10:14","slug":"expose","status":"publish","type":"page","link":"https:\/\/cycloide.ch\/?page_id=62","title":{"rendered":"Expos\u00e9s"},"content":{"rendered":"<p>Expos\u00e9s de la classe de 11MO1 \u00e0 Cescole<\/p>\n<p>&nbsp;<\/p>\n","protected":false},"excerpt":{"rendered":"<p>Expos\u00e9s de la classe de 11MO1 \u00e0 Cescole &nbsp;<\/p>\n","protected":false},"author":1,"featured_media":0,"parent":0,"menu_order":0,"comment_status":"closed","ping_status":"open","template":"","meta":{"footnotes":""},"class_list":["post-62","page","type-page","status-publish","hentry"],"_links":{"self":[{"href":"https:\/\/cycloide.ch\/index.php?rest_route=\/wp\/v2\/pages\/62","targetHints":{"allow":["GET"]}}],"collection":[{"href":"https:\/\/cycloide.ch\/index.php?rest_route=\/wp\/v2\/pages"}],"about":[{"href":"https:\/\/cycloide.ch\/index.php?rest_route=\/wp\/v2\/types\/page"}],"author":[{"embeddable":true,"href":"https:\/\/cycloide.ch\/index.php?rest_route=\/wp\/v2\/users\/1"}],"replies":[{"embeddable":true,"href":"https:\/\/cycloide.ch\/index.php?rest_route=%2Fwp%2Fv2%2Fcomments&post=62"}],"version-history":[{"count":2,"href":"https:\/\/cycloide.ch\/index.php?rest_route=\/wp\/v2\/pages\/62\/revisions"}],"predecessor-version":[{"id":65,"href":"https:\/\/cycloide.ch\/index.php?rest_route=\/wp\/v2\/pages\/62\/revisions\/65"}],"wp:attachment":[{"href":"https:\/\/cycloide.ch\/index.php?rest_route=%2Fwp%2Fv2%2Fmedia&parent=62"}],"curies":[{"name":"wp","href":"https:\/\/api.w.org\/{rel}","templated":true}]}}